{"id":3666,"date":"2024-06-23T11:53:54","date_gmt":"2024-06-23T09:53:54","guid":{"rendered":"https:\/\/www.zd-solution.de\/mentions-legales\/"},"modified":"2025-05-15T11:53:05","modified_gmt":"2025-05-15T09:53:05","slug":"mentions-legales","status":"publish","type":"page","link":"https:\/\/www.zd-solution.de\/fr\/mentions-legales\/","title":{"rendered":"Mentions l\u00e9gales"},"content":{"rendered":"<p>[et_pb_section fb_built=\u00a0\u00bb1&Prime; _builder_version=\u00a0\u00bb4.24.2&Prime; _module_preset=\u00a0\u00bbdefault\u00a0\u00bb custom_margin=\u00a0\u00bb0px||||false|false\u00a0\u00bb custom_padding=\u00a0\u00bb0px||||false|false\u00a0\u00bb global_colors_info=\u00a0\u00bb{}\u00a0\u00bb][et_pb_row _builder_version=\u00a0\u00bb4.24.2&Prime; _module_preset=\u00a0\u00bbdefault\u00a0\u00bb width=\u00a0\u00bb100%\u00a0\u00bb max_width=\u00a0\u00bb2500px\u00a0\u00bb module_alignment=\u00a0\u00bbcenter\u00a0\u00bb custom_margin=\u00a0\u00bb0px||||false|false\u00a0\u00bb custom_padding=\u00a0\u00bb0px||||false|false\u00a0\u00bb global_colors_info=\u00a0\u00bb{}\u00a0\u00bb][et_pb_column type=\u00a0\u00bb4_4&Prime; _builder_version=\u00a0\u00bb4.24.2&Prime; _module_preset=\u00a0\u00bbdefault\u00a0\u00bb global_colors_info=\u00a0\u00bb{}\u00a0\u00bb][et_pb_slider _builder_version=\u00a0\u00bb4.26.1&Prime; _module_preset=\u00a0\u00bbdefault\u00a0\u00bb min_height=\u00a0\u00bb600px\u00a0\u00bb hover_enabled=\u00a0\u00bb0&Prime; global_colors_info=\u00a0\u00bb{}\u00a0\u00bb sticky_enabled=\u00a0\u00bb0&Prime;][et_pb_slide _builder_version=\u00a0\u00bb4.26.1&Prime; _module_preset=\u00a0\u00bbdefault\u00a0\u00bb background_image=\u00a0\u00bbhttps:\/\/www.zd-solution.de\/wp-content\/uploads\/2024\/07\/Header-Transportgestell.jpg\u00a0\u00bb background_enable_image=\u00a0\u00bbon\u00a0\u00bb hover_enabled=\u00a0\u00bb0&Prime; background_last_edited=\u00a0\u00bbon|desktop\u00a0\u00bb global_colors_info=\u00a0\u00bb{}\u00a0\u00bb sticky_transition=\u00a0\u00bbon\u00a0\u00bb title_text=\u00a0\u00bbLehnhoff Sandwich mobil\u00a0\u00bb background_image_phone=\u00a0\u00bbhttps:\/\/www.zd-solution.de\/wp-content\/uploads\/2024\/07\/Lehnhoff-Sandwich-mobil.jpg\u00a0\u00bb background_enable_image_phone=\u00a0\u00bbon\u00a0\u00bb sticky_enabled=\u00a0\u00bb0&Prime;][\/et_pb_slide][\/et_pb_slider][\/et_pb_column][\/et_pb_row][\/et_pb_section][et_pb_section fb_built=\u00a0\u00bb1&Prime; _builder_version=\u00a0\u00bb4.25.2&Prime; _module_preset=\u00a0\u00bbdefault\u00a0\u00bb background_color=\u00a0\u00bb#FFFFFF\u00a0\u00bb custom_margin=\u00a0\u00bb-60px|||||\u00a0\u00bb custom_padding=\u00a0\u00bb0px|||||\u00a0\u00bb global_colors_info=\u00a0\u00bb{}\u00a0\u00bb][et_pb_row column_structure=\u00a0\u00bb1_3,1_3,1_3&Prime; use_custom_gutter=\u00a0\u00bbon\u00a0\u00bb gutter_width=\u00a0\u00bb1&Prime; _builder_version=\u00a0\u00bb4.26.0&Prime; _module_preset=\u00a0\u00bbdefault\u00a0\u00bb width_tablet=\u00a0\u00bb\u00a0\u00bb width_phone=\u00a0\u00bb100%\u00a0\u00bb width_last_edited=\u00a0\u00bbon|phone\u00a0\u00bb max_width=\u00a0\u00bb1280px\u00a0\u00bb global_colors_info=\u00a0\u00bb{}\u00a0\u00bb][et_pb_column type=\u00a0\u00bb1_3&Prime; _builder_version=\u00a0\u00bb4.24.2&Prime; _module_preset=\u00a0\u00bbdefault\u00a0\u00bb custom_css_main_element=\u00a0\u00bbwidth: 25% !important;\u00a0\u00bb global_colors_info=\u00a0\u00bb{}\u00a0\u00bb][et_pb_divider color=\u00a0\u00bbgcid-3c7d458b-ad1e-4ef8-aa66-49531ead6924&Prime; divider_position=\u00a0\u00bbcenter\u00a0\u00bb divider_weight=\u00a0\u00bb3px\u00a0\u00bb _builder_version=\u00a0\u00bb4.24.2&Prime; _module_preset=\u00a0\u00bbdefault\u00a0\u00bb width=\u00a0\u00bb100%\u00a0\u00bb module_alignment=\u00a0\u00bbright\u00a0\u00bb global_colors_info=\u00a0\u00bb{%22gcid-3c7d458b-ad1e-4ef8-aa66-49531ead6924%22:%91%22color%22%93}\u00a0\u00bb][\/et_pb_divider][\/et_pb_column][et_pb_column type=\u00a0\u00bb1_3&Prime; _builder_version=\u00a0\u00bb4.24.2&Prime; _module_preset=\u00a0\u00bbdefault\u00a0\u00bb custom_css_main_element=\u00a0\u00bbwidth: 50% !important;\u00a0\u00bb global_colors_info=\u00a0\u00bb{}\u00a0\u00bb][et_pb_text content_tablet=\u00a0\u00bb<\/p>\n<p>Godets r\u00e9tro<\/p>\n<p>\u00a0\u00bb content_phone=\u00a0\u00bb<\/p>\n<p>Mentions l\u00e9gales<\/p>\n<p>\u00a0\u00bb content_last_edited=\u00a0\u00bbon|desktop\u00a0\u00bb _builder_version=\u00a0\u00bb4.26.1&Prime; _module_preset=\u00a0\u00bbdefault\u00a0\u00bb text_font=\u00a0\u00bbExpansiva italic|700|||||||\u00a0\u00bb text_text_color=\u00a0\u00bb#000000&Prime; text_font_size=\u00a0\u00bb50px\u00a0\u00bb text_line_height=\u00a0\u00bb16px\u00a0\u00bb text_orientation=\u00a0\u00bbcenter\u00a0\u00bb text_font_size_tablet=\u00a0\u00bb40px\u00a0\u00bb text_font_size_phone=\u00a0\u00bb20px\u00a0\u00bb text_font_size_last_edited=\u00a0\u00bbon|phone\u00a0\u00bb global_colors_info=\u00a0\u00bb{}\u00a0\u00bb]<\/p>\n<p>Mentions l\u00e9gales<\/p>\n<p>[\/et_pb_text][\/et_pb_column][et_pb_column type=\u00a0\u00bb1_3&Prime; _builder_version=\u00a0\u00bb4.24.2&Prime; _module_preset=\u00a0\u00bbdefault\u00a0\u00bb custom_css_main_element=\u00a0\u00bbwidth: 25% !important;\u00a0\u00bb global_colors_info=\u00a0\u00bb{}\u00a0\u00bb][et_pb_divider color=\u00a0\u00bbgcid-3c7d458b-ad1e-4ef8-aa66-49531ead6924&Prime; divider_position=\u00a0\u00bbcenter\u00a0\u00bb divider_weight=\u00a0\u00bb3px\u00a0\u00bb _builder_version=\u00a0\u00bb4.24.2&Prime; _module_preset=\u00a0\u00bbdefault\u00a0\u00bb width=\u00a0\u00bb100%\u00a0\u00bb module_alignment=\u00a0\u00bbleft\u00a0\u00bb global_colors_info=\u00a0\u00bb{%22gcid-3c7d458b-ad1e-4ef8-aa66-49531ead6924%22:%91%22color%22%93}\u00a0\u00bb][\/et_pb_divider][\/et_pb_column][\/et_pb_row][et_pb_row _builder_version=\u00a0\u00bb4.25.2&Prime; _module_preset=\u00a0\u00bbdefault\u00a0\u00bb global_colors_info=\u00a0\u00bb{}\u00a0\u00bb][et_pb_column type=\u00a0\u00bb4_4&Prime; _builder_version=\u00a0\u00bb4.25.2&Prime; _module_preset=\u00a0\u00bbdefault\u00a0\u00bb global_colors_info=\u00a0\u00bb{}\u00a0\u00bb][et_pb_text _builder_version=\u00a0\u00bb4.25.2&Prime; _module_preset=\u00a0\u00bbdefault\u00a0\u00bb global_colors_info=\u00a0\u00bb{}\u00a0\u00bb]<\/p>\n<p>ZD Solution KG<br \/>B\u00fcrgermeister-Schauer-Str. 1<br \/>D-82297 Steindorf<\/p>\n<p>T\u00e9l : 08202 \/ 2499 &#8211; 100<\/p>\n<p>Directeur g\u00e9n\u00e9ral : Lukas Ziegler<\/p>\n<p>N\u00b0 TVA intracommunautaire : DE 364 188 359<br \/>Registre du commerce : Tribunal d&rsquo;instance d&rsquo;Augsbourg HRA 21467<\/p>\n<p>www.zd-solution.de<br \/>info@zd-solution.de<\/p>\n<p>Droits d&rsquo;auteur :<br \/>ZD Solution KG. Tous droits r\u00e9serv\u00e9s <\/p>\n<p>Avis de non-responsabilit\u00e9 :<br \/>Ce site web a \u00e9t\u00e9 cr\u00e9\u00e9 avec le plus grand soin. N\u00e9anmoins, nous ne pouvons garantir l&rsquo;absence d&rsquo;erreurs et l&rsquo;exactitude des informations contenues. Toute responsabilit\u00e9 pour les dommages r\u00e9sultant directement ou indirectement de l&rsquo;utilisation de ce site web est exclue, sauf en cas d&rsquo;intention d\u00e9lib\u00e9r\u00e9e ou de n\u00e9gligence grave, ou si la responsabilit\u00e9 est engag\u00e9e pour d&rsquo;autres motifs l\u00e9gaux imp\u00e9ratifs.  <\/p>\n<p>Note sur la protection des donn\u00e9es :<br \/>Les donn\u00e9es personnelles collect\u00e9es dans le cadre des sites web de ZD &#8211; Solution KG sont utilis\u00e9es exclusivement aux fins de traitement des commandes et de gestion de vos demandes, et ne sont pas transmises \u00e0 des tiers.<\/p>\n<p>Utilisation des plugins Facebook :<br \/>Ce site internet utilise des plugins du r\u00e9seau social facebook.com, exploit\u00e9 par Facebook Inc., 1601 S. California Ave, Palo Alto, CA94304, USA (\u00ab\u00a0Facebook\u00a0\u00bb). Lorsque vous acc\u00e9dez \u00e0 des pages de notre site internet contenant un tel plugin, une connexion est \u00e9tablie avec les serveurs de Facebook et le plugin est affich\u00e9 sur la page internet par une notification \u00e0 votre navigateur. Cela transmet au serveur Facebook les pages de notre site que vous avez visit\u00e9es. Si vous \u00eates connect\u00e9 en tant que membre de Facebook, Facebook associe cette information \u00e0 votre compte utilisateur Facebook personnel. Lors de l&rsquo;utilisation des fonctions du plugin (par exemple, en cliquant sur le bouton \u00ab\u00a0J&rsquo;aime\u00a0\u00bb ou en laissant un commentaire), ces informations sont \u00e9galement associ\u00e9es \u00e0 votre compte Facebook, ce que vous ne pouvez emp\u00eacher qu&rsquo;en vous d\u00e9connectant avant d&rsquo;utiliser le plugin. Pour plus d&rsquo;informations sur la collecte et l&rsquo;utilisation des donn\u00e9es par Facebook, sur vos droits \u00e0 cet \u00e9gard et sur les options de protection de votre vie priv\u00e9e, veuillez consulter la politique de confidentialit\u00e9 de Facebook.    <\/p>\n<p>Conception et design :<br \/>ZD-Solution KG<\/p>\n<p>Texte et r\u00e9daction :<br \/>ZD-Solution KG<\/p>\n<p>Photos :<br \/>ZD Solution KG, iStockphoto LP, Adobe Inc., Getty Images, Inc.<\/p>\n<p>Programmation :<br \/>Medienagentur Niceart | www.niceart.de<\/p>\n<p>[\/et_pb_text][\/et_pb_column][\/et_pb_row][\/et_pb_section]<\/p>\n","protected":false},"excerpt":{"rendered":"<p>Mentions l\u00e9galesZD Solution KGB\u00fcrgermeister-Schauer-Str. 1D-82297 Steindorf T\u00e9l : 08202 \/ 2499 &#8211; 100 Directeur g\u00e9n\u00e9ral : Lukas Ziegler N\u00b0 TVA intracommunautaire : DE 364 188 359Registre du commerce : Tribunal d&rsquo;instance d&rsquo;Augsbourg HRA 21467 www.zd-solution.deinfo@zd-solution.de Droits d&rsquo;auteur :ZD Solution KG. Tous droits r\u00e9serv\u00e9s Avis de non-responsabilit\u00e9 :Ce site web a \u00e9t\u00e9 cr\u00e9\u00e9 avec le plus [&hellip;]<\/p>\n","protected":false},"author":1,"featured_media":0,"parent":0,"menu_order":0,"comment_status":"closed","ping_status":"closed","template":"","meta":{"_et_pb_use_builder":"on","_et_pb_old_content":"","_et_gb_content_width":"","inline_featured_image":false,"footnotes":""},"class_list":["post-3666","page","type-page","status-publish","hentry"],"yoast_head":"<!-- This site is optimized with the Yoast SEO plugin v27.5 - https:\/\/yoast.com\/product\/yoast-seo-wordpress\/ -->\n<title>Mentions l\u00e9gales - ZD Solution<\/title>\n<meta name=\"robots\" content=\"index, follow, max-snippet:-1, max-image-preview:large, max-video-preview:-1\" \/>\n<link rel=\"canonical\" href=\"https:\/\/www.zd-solution.de\/fr\/mentions-legales\/\" \/>\n<meta property=\"og:locale\" content=\"fr_FR\" \/>\n<meta property=\"og:type\" content=\"article\" \/>\n<meta property=\"og:title\" content=\"Mentions l\u00e9gales - ZD Solution\" \/>\n<meta property=\"og:description\" content=\"Mentions l\u00e9galesZD Solution KGB\u00fcrgermeister-Schauer-Str. 1D-82297 Steindorf T\u00e9l : 08202 \/ 2499 - 100 Directeur g\u00e9n\u00e9ral : Lukas Ziegler N\u00b0 TVA intracommunautaire : DE 364 188 359Registre du commerce : Tribunal d&#039;instance d&#039;Augsbourg HRA 21467 www.zd-solution.deinfo@zd-solution.de Droits d&#039;auteur :ZD Solution KG. Tous droits r\u00e9serv\u00e9s Avis de non-responsabilit\u00e9 :Ce site web a \u00e9t\u00e9 cr\u00e9\u00e9 avec le plus [&hellip;]\" \/>\n<meta property=\"og:url\" content=\"https:\/\/www.zd-solution.de\/fr\/mentions-legales\/\" \/>\n<meta property=\"og:site_name\" content=\"ZD Solution\" \/>\n<meta property=\"article:modified_time\" content=\"2025-05-15T09:53:05+00:00\" \/>\n<meta name=\"twitter:card\" content=\"summary_large_image\" \/>\n<meta name=\"twitter:label1\" content=\"Dur\u00e9e de lecture estim\u00e9e\" \/>\n\t<meta name=\"twitter:data1\" content=\"4 minutes\" \/>\n<script type=\"application\/ld+json\" class=\"yoast-schema-graph\">{\"@context\":\"https:\\\/\\\/schema.org\",\"@graph\":[{\"@type\":\"WebPage\",\"@id\":\"https:\\\/\\\/www.zd-solution.de\\\/fr\\\/mentions-legales\\\/\",\"url\":\"https:\\\/\\\/www.zd-solution.de\\\/fr\\\/mentions-legales\\\/\",\"name\":\"Mentions l\u00e9gales - ZD Solution\",\"isPartOf\":{\"@id\":\"https:\\\/\\\/www.zd-solution.de\\\/fr\\\/#website\"},\"datePublished\":\"2024-06-23T09:53:54+00:00\",\"dateModified\":\"2025-05-15T09:53:05+00:00\",\"breadcrumb\":{\"@id\":\"https:\\\/\\\/www.zd-solution.de\\\/fr\\\/mentions-legales\\\/#breadcrumb\"},\"inLanguage\":\"fr-FR\",\"potentialAction\":[{\"@type\":\"ReadAction\",\"target\":[\"https:\\\/\\\/www.zd-solution.de\\\/fr\\\/mentions-legales\\\/\"]}]},{\"@type\":\"BreadcrumbList\",\"@id\":\"https:\\\/\\\/www.zd-solution.de\\\/fr\\\/mentions-legales\\\/#breadcrumb\",\"itemListElement\":[{\"@type\":\"ListItem\",\"position\":1,\"name\":\"Startseite\",\"item\":\"https:\\\/\\\/www.zd-solution.de\\\/fr\\\/lancement\\\/\"},{\"@type\":\"ListItem\",\"position\":2,\"name\":\"Mentions l\u00e9gales\"}]},{\"@type\":\"WebSite\",\"@id\":\"https:\\\/\\\/www.zd-solution.de\\\/fr\\\/#website\",\"url\":\"https:\\\/\\\/www.zd-solution.de\\\/fr\\\/\",\"name\":\"ZD Solution\",\"description\":\"\",\"potentialAction\":[{\"@type\":\"SearchAction\",\"target\":{\"@type\":\"EntryPoint\",\"urlTemplate\":\"https:\\\/\\\/www.zd-solution.de\\\/fr\\\/?s={search_term_string}\"},\"query-input\":{\"@type\":\"PropertyValueSpecification\",\"valueRequired\":true,\"valueName\":\"search_term_string\"}}],\"inLanguage\":\"fr-FR\"}]}<\/script>\n<!-- \/ Yoast SEO plugin. -->","yoast_head_json":{"title":"Mentions l\u00e9gales - ZD Solution","robots":{"index":"index","follow":"follow","max-snippet":"max-snippet:-1","max-image-preview":"max-image-preview:large","max-video-preview":"max-video-preview:-1"},"canonical":"https:\/\/www.zd-solution.de\/fr\/mentions-legales\/","og_locale":"fr_FR","og_type":"article","og_title":"Mentions l\u00e9gales - ZD Solution","og_description":"Mentions l\u00e9galesZD Solution KGB\u00fcrgermeister-Schauer-Str. 1D-82297 Steindorf T\u00e9l : 08202 \/ 2499 - 100 Directeur g\u00e9n\u00e9ral : Lukas Ziegler N\u00b0 TVA intracommunautaire : DE 364 188 359Registre du commerce : Tribunal d'instance d'Augsbourg HRA 21467 www.zd-solution.deinfo@zd-solution.de Droits d'auteur :ZD Solution KG. Tous droits r\u00e9serv\u00e9s Avis de non-responsabilit\u00e9 :Ce site web a \u00e9t\u00e9 cr\u00e9\u00e9 avec le plus [&hellip;]","og_url":"https:\/\/www.zd-solution.de\/fr\/mentions-legales\/","og_site_name":"ZD Solution","article_modified_time":"2025-05-15T09:53:05+00:00","twitter_card":"summary_large_image","twitter_misc":{"Dur\u00e9e de lecture estim\u00e9e":"4 minutes"},"schema":{"@context":"https:\/\/schema.org","@graph":[{"@type":"WebPage","@id":"https:\/\/www.zd-solution.de\/fr\/mentions-legales\/","url":"https:\/\/www.zd-solution.de\/fr\/mentions-legales\/","name":"Mentions l\u00e9gales - ZD Solution","isPartOf":{"@id":"https:\/\/www.zd-solution.de\/fr\/#website"},"datePublished":"2024-06-23T09:53:54+00:00","dateModified":"2025-05-15T09:53:05+00:00","breadcrumb":{"@id":"https:\/\/www.zd-solution.de\/fr\/mentions-legales\/#breadcrumb"},"inLanguage":"fr-FR","potentialAction":[{"@type":"ReadAction","target":["https:\/\/www.zd-solution.de\/fr\/mentions-legales\/"]}]},{"@type":"BreadcrumbList","@id":"https:\/\/www.zd-solution.de\/fr\/mentions-legales\/#breadcrumb","itemListElement":[{"@type":"ListItem","position":1,"name":"Startseite","item":"https:\/\/www.zd-solution.de\/fr\/lancement\/"},{"@type":"ListItem","position":2,"name":"Mentions l\u00e9gales"}]},{"@type":"WebSite","@id":"https:\/\/www.zd-solution.de\/fr\/#website","url":"https:\/\/www.zd-solution.de\/fr\/","name":"ZD Solution","description":"","potentialAction":[{"@type":"SearchAction","target":{"@type":"EntryPoint","urlTemplate":"https:\/\/www.zd-solution.de\/fr\/?s={search_term_string}"},"query-input":{"@type":"PropertyValueSpecification","valueRequired":true,"valueName":"search_term_string"}}],"inLanguage":"fr-FR"}]}},"_links":{"self":[{"href":"https:\/\/www.zd-solution.de\/fr\/wp-json\/wp\/v2\/pages\/3666","targetHints":{"allow":["GET"]}}],"collection":[{"href":"https:\/\/www.zd-solution.de\/fr\/wp-json\/wp\/v2\/pages"}],"about":[{"href":"https:\/\/www.zd-solution.de\/fr\/wp-json\/wp\/v2\/types\/page"}],"author":[{"embeddable":true,"href":"https:\/\/www.zd-solution.de\/fr\/wp-json\/wp\/v2\/users\/1"}],"replies":[{"embeddable":true,"href":"https:\/\/www.zd-solution.de\/fr\/wp-json\/wp\/v2\/comments?post=3666"}],"version-history":[{"count":1,"href":"https:\/\/www.zd-solution.de\/fr\/wp-json\/wp\/v2\/pages\/3666\/revisions"}],"predecessor-version":[{"id":3669,"href":"https:\/\/www.zd-solution.de\/fr\/wp-json\/wp\/v2\/pages\/3666\/revisions\/3669"}],"wp:attachment":[{"href":"https:\/\/www.zd-solution.de\/fr\/wp-json\/wp\/v2\/media?parent=3666"}],"curies":[{"name":"wp","href":"https:\/\/api.w.org\/{rel}","templated":true}]}}